{"id":24,"date":"2023-07-04T12:59:51","date_gmt":"2023-07-04T12:59:51","guid":{"rendered":"https:\/\/web.rkinformatika.net\/peluquerianieves\/?page_id=24"},"modified":"2023-07-06T08:31:04","modified_gmt":"2023-07-06T08:31:04","slug":"servicios","status":"publish","type":"page","link":"https:\/\/peluquerianieves.com\/pt\/servicios\/","title":{"rendered":"Servi\u00e7os"},"content":{"rendered":"<div data-elementor-type=\"wp-page\" data-elementor-id=\"24\" class=\"elementor elementor-24\" data-elementor-post-type=\"page\">\n\t\t\t\t\t\t<section class=\"elementor-section elementor-top-section elementor-element elementor-element-ebe8dfa elementor-section-content-middle elementor-section-boxed elementor-section-height-default elementor-section-height-default\" data-id=\"ebe8dfa\" data-element_type=\"section\" data-e-type=\"section\" data-settings=\"{&quot;background_background&quot;:&quot;classic&quot;}\">\n\t\t\t\t\t\t\t<div class=\"elementor-background-overlay\"><\/div>\n\t\t\t\t\t\t\t<div class=\"elementor-container elementor-column-gap-default\">\n\t\t\t\t\t<div class=\"elementor-column elementor-col-100 elementor-top-column elementor-element elementor-element-78da127\" data-id=\"78da127\" data-element_type=\"column\" data-e-type=\"column\">\n\t\t\t<div class=\"elementor-widget-wrap elementor-element-populated\">\n\t\t\t\t\t\t<div class=\"elementor-element elementor-element-790905d elementor-widget elementor-widget-heading\" data-id=\"790905d\" data-element_type=\"widget\" data-e-type=\"widget\" data-widget_type=\"heading.default\">\n\t\t\t\t<div class=\"elementor-widget-container\">\n\t\t\t\t\t<h2 class=\"elementor-heading-title elementor-size-default\">SERVICIOS<\/h2>\t\t\t\t<\/div>\n\t\t\t\t<\/div>\n\t\t\t\t\t<\/div>\n\t\t<\/div>\n\t\t\t\t\t<\/div>\n\t\t<\/section>\n\t\t\t\t<section class=\"elementor-section elementor-top-section elementor-element elementor-element-a543d9a elementor-section-boxed elementor-section-height-default elementor-section-height-default\" data-id=\"a543d9a\" data-element_type=\"section\" data-e-type=\"section\">\n\t\t\t\t\t\t<div class=\"elementor-container elementor-column-gap-default\">\n\t\t\t\t\t<div class=\"elementor-column elementor-col-100 elementor-top-column elementor-element elementor-element-0eee6b4\" data-id=\"0eee6b4\" data-element_type=\"column\" data-e-type=\"column\">\n\t\t\t<div class=\"elementor-widget-wrap elementor-element-populated\">\n\t\t\t\t\t\t<div class=\"elementor-element elementor-element-31f3eb3 elementor-widget elementor-widget-heading\" data-id=\"31f3eb3\" data-element_type=\"widget\" data-e-type=\"widget\" data-widget_type=\"heading.default\">\n\t\t\t\t<div class=\"elementor-widget-container\">\n\t\t\t\t\t<h2 class=\"elementor-heading-title elementor-size-default\">Algunos de nuestros servicios<\/h2>\t\t\t\t<\/div>\n\t\t\t\t<\/div>\n\t\t\t\t\t<\/div>\n\t\t<\/div>\n\t\t\t\t\t<\/div>\n\t\t<\/section>\n\t\t\t\t<section class=\"elementor-section elementor-top-section elementor-element elementor-element-b5c7342 elementor-section-boxed elementor-section-height-default elementor-section-height-default\" data-id=\"b5c7342\" data-element_type=\"section\" data-e-type=\"section\">\n\t\t\t\t\t\t<div class=\"elementor-container elementor-column-gap-default\">\n\t\t\t\t\t<div class=\"elementor-column elementor-col-33 elementor-top-column elementor-element elementor-element-a5159bb\" data-id=\"a5159bb\" data-element_type=\"column\" data-e-type=\"column\">\n\t\t\t<div class=\"elementor-widget-wrap elementor-element-populated\">\n\t\t\t\t\t\t<div class=\"elementor-element elementor-element-5680288 elementor-position-top elementor-widget elementor-widget-image-box\" data-id=\"5680288\" data-element_type=\"widget\" data-e-type=\"widget\" data-widget_type=\"image-box.default\">\n\t\t\t\t<div class=\"elementor-widget-container\">\n\t\t\t\t\t<div class=\"elementor-image-box-wrapper\"><figure class=\"elementor-image-box-img\"><img fetchpriority=\"high\" decoding=\"async\" width=\"854\" height=\"1280\" src=\"https:\/\/peluquerianieves.com\/wp-content\/uploads\/2023\/07\/hand-hairdresser-cutting-short-pink-with-scissor-hair-hairdressing-salon-close-up-side-view-scaled-e1688568948706.jpg\" class=\"attachment-full size-full wp-image-418\" alt=\"\" srcset=\"https:\/\/peluquerianieves.com\/wp-content\/uploads\/2023\/07\/hand-hairdresser-cutting-short-pink-with-scissor-hair-hairdressing-salon-close-up-side-view-scaled-e1688568948706.jpg 854w, https:\/\/peluquerianieves.com\/wp-content\/uploads\/2023\/07\/hand-hairdresser-cutting-short-pink-with-scissor-hair-hairdressing-salon-close-up-side-view-scaled-e1688568948706-200x300.jpg 200w, https:\/\/peluquerianieves.com\/wp-content\/uploads\/2023\/07\/hand-hairdresser-cutting-short-pink-with-scissor-hair-hairdressing-salon-close-up-side-view-scaled-e1688568948706-683x1024.jpg 683w, https:\/\/peluquerianieves.com\/wp-content\/uploads\/2023\/07\/hand-hairdresser-cutting-short-pink-with-scissor-hair-hairdressing-salon-close-up-side-view-scaled-e1688568948706-768x1151.jpg 768w\" sizes=\"(max-width: 854px) 100vw, 854px\" \/><\/figure><div class=\"elementor-image-box-content\"><h3 class=\"elementor-image-box-title\">CORTE<\/h3><p class=\"elementor-image-box-description\">Ofrecemos cortes personalizados para realzar tu apariencia. Elije entre un estilo moderno o cl\u00e1sico, cabello corto o largo y permite que nuestro equipo cuide de tu apariencia. Si\u00e9ntate confiado y deslumbrante luciendo un cabello saludable y hermoso. \u00a1Agenda tu visita ya!<\/p><\/div><\/div>\t\t\t\t<\/div>\n\t\t\t\t<\/div>\n\t\t\t\t\t<\/div>\n\t\t<\/div>\n\t\t\t\t<div class=\"elementor-column elementor-col-33 elementor-top-column elementor-element elementor-element-99fe3cd\" data-id=\"99fe3cd\" data-element_type=\"column\" data-e-type=\"column\">\n\t\t\t<div class=\"elementor-widget-wrap elementor-element-populated\">\n\t\t\t\t\t\t<div class=\"elementor-element elementor-element-71763d7 elementor-position-top elementor-widget elementor-widget-image-box\" data-id=\"71763d7\" data-element_type=\"widget\" data-e-type=\"widget\" data-widget_type=\"image-box.default\">\n\t\t\t\t<div class=\"elementor-widget-container\">\n\t\t\t\t\t<div class=\"elementor-image-box-wrapper\"><figure class=\"elementor-image-box-img\"><img decoding=\"async\" width=\"853\" height=\"1280\" src=\"https:\/\/peluquerianieves.com\/wp-content\/uploads\/2023\/07\/portrait-beautiful-smiling-model-with-afro-curls-hairstyle-dressed-summer-hipster-clothes-sexy-carefree-girl-posing-near-blue-wall-trendy-funny-positive-woman-scaled-e1688568671555.jpg\" class=\"attachment-full size-full wp-image-411\" alt=\"\" srcset=\"https:\/\/peluquerianieves.com\/wp-content\/uploads\/2023\/07\/portrait-beautiful-smiling-model-with-afro-curls-hairstyle-dressed-summer-hipster-clothes-sexy-carefree-girl-posing-near-blue-wall-trendy-funny-positive-woman-scaled-e1688568671555.jpg 853w, https:\/\/peluquerianieves.com\/wp-content\/uploads\/2023\/07\/portrait-beautiful-smiling-model-with-afro-curls-hairstyle-dressed-summer-hipster-clothes-sexy-carefree-girl-posing-near-blue-wall-trendy-funny-positive-woman-scaled-e1688568671555-200x300.jpg 200w, https:\/\/peluquerianieves.com\/wp-content\/uploads\/2023\/07\/portrait-beautiful-smiling-model-with-afro-curls-hairstyle-dressed-summer-hipster-clothes-sexy-carefree-girl-posing-near-blue-wall-trendy-funny-positive-woman-scaled-e1688568671555-682x1024.jpg 682w, https:\/\/peluquerianieves.com\/wp-content\/uploads\/2023\/07\/portrait-beautiful-smiling-model-with-afro-curls-hairstyle-dressed-summer-hipster-clothes-sexy-carefree-girl-posing-near-blue-wall-trendy-funny-positive-woman-scaled-e1688568671555-768x1152.jpg 768w\" sizes=\"(max-width: 853px) 100vw, 853px\" \/><\/figure><div class=\"elementor-image-box-content\"><h3 class=\"elementor-image-box-title\">PENTEADOS<\/h3><p class=\"elementor-image-box-description\">Ofrecemos una variedad de hermosos peinados perfectos para cualquier ocasi\u00f3n. Utilizamos solo productos capilares y equipamiento de la m\u00e1s alta calidad para lograr looks impresionantes y duraderos. \u00a1Reserva tu cita hoy para un perfecto peinado y salgas con confianza y belleza!<\/p><\/div><\/div>\t\t\t\t<\/div>\n\t\t\t\t<\/div>\n\t\t\t\t\t<\/div>\n\t\t<\/div>\n\t\t\t\t<div class=\"elementor-column elementor-col-33 elementor-top-column elementor-element elementor-element-935a36f\" data-id=\"935a36f\" data-element_type=\"column\" data-e-type=\"column\">\n\t\t\t<div class=\"elementor-widget-wrap elementor-element-populated\">\n\t\t\t\t\t\t<div class=\"elementor-element elementor-element-2710df8 elementor-position-top elementor-widget elementor-widget-image-box\" data-id=\"2710df8\" data-element_type=\"widget\" data-e-type=\"widget\" data-widget_type=\"image-box.default\">\n\t\t\t\t<div class=\"elementor-widget-container\">\n\t\t\t\t\t<div class=\"elementor-image-box-wrapper\"><figure class=\"elementor-image-box-img\"><img decoding=\"async\" width=\"854\" height=\"1280\" src=\"https:\/\/peluquerianieves.com\/wp-content\/uploads\/2023\/07\/woman-with-pink-hair-wearing-sunglasses-stands-against-blue-wall-scaled-e1688568585770.jpg\" class=\"attachment-full size-full wp-image-410\" alt=\"\" srcset=\"https:\/\/peluquerianieves.com\/wp-content\/uploads\/2023\/07\/woman-with-pink-hair-wearing-sunglasses-stands-against-blue-wall-scaled-e1688568585770.jpg 854w, https:\/\/peluquerianieves.com\/wp-content\/uploads\/2023\/07\/woman-with-pink-hair-wearing-sunglasses-stands-against-blue-wall-scaled-e1688568585770-200x300.jpg 200w, https:\/\/peluquerianieves.com\/wp-content\/uploads\/2023\/07\/woman-with-pink-hair-wearing-sunglasses-stands-against-blue-wall-scaled-e1688568585770-683x1024.jpg 683w, https:\/\/peluquerianieves.com\/wp-content\/uploads\/2023\/07\/woman-with-pink-hair-wearing-sunglasses-stands-against-blue-wall-scaled-e1688568585770-768x1151.jpg 768w\" sizes=\"(max-width: 854px) 100vw, 854px\" \/><\/figure><div class=\"elementor-image-box-content\"><h3 class=\"elementor-image-box-title\">COR<\/h3><p class=\"elementor-image-box-description\">Somos expertos en colores para el cabello, trabajando con tonalidades cl\u00e1sicas y atrevidas para encontrar el color perfecto para ti. Ofrecemos un servicio de alta calidad y atenci\u00f3n personalizada para superar tus expectativas. Sal de aqu\u00ed sinti\u00e9ndote m\u00e1s hermosa y confiada con tu nuevo color de cabello.<\/p><\/div><\/div>\t\t\t\t<\/div>\n\t\t\t\t<\/div>\n\t\t\t\t\t<\/div>\n\t\t<\/div>\n\t\t\t\t\t<\/div>\n\t\t<\/section>\n\t\t\t\t<section class=\"elementor-section elementor-top-section elementor-element elementor-element-61ee365 elementor-section-full_width elementor-section-height-default elementor-section-height-default\" data-id=\"61ee365\" data-element_type=\"section\" data-e-type=\"section\">\n\t\t\t\t\t\t<div class=\"elementor-container elementor-column-gap-default\">\n\t\t\t\t\t<div class=\"elementor-column elementor-col-100 elementor-top-column elementor-element elementor-element-12713525\" data-id=\"12713525\" data-element_type=\"column\" data-e-type=\"column\">\n\t\t\t<div class=\"elementor-widget-wrap elementor-element-populated\">\n\t\t\t\t\t\t<section class=\"elementor-section elementor-inner-section elementor-element elementor-element-395ca0a6 elementor-section-full_width elementor-section-height-default elementor-section-height-default elementor-invisible\" data-id=\"395ca0a6\" data-element_type=\"section\" data-e-type=\"section\" data-settings=\"{&quot;background_background&quot;:&quot;classic&quot;,&quot;animation&quot;:&quot;fadeIn&quot;}\">\n\t\t\t\t\t\t\t<div class=\"elementor-background-overlay\"><\/div>\n\t\t\t\t\t\t\t<div class=\"elementor-container elementor-column-gap-default\">\n\t\t\t\t\t<div class=\"elementor-column elementor-col-100 elementor-inner-column elementor-element elementor-element-746684f\" data-id=\"746684f\" data-element_type=\"column\" data-e-type=\"column\">\n\t\t\t<div class=\"elementor-widget-wrap elementor-element-populated\">\n\t\t\t\t\t\t<div class=\"elementor-element elementor-element-6b378329 elementor-invisible elementor-widget elementor-widget-heading\" data-id=\"6b378329\" data-element_type=\"widget\" data-e-type=\"widget\" data-settings=\"{&quot;_animation&quot;:&quot;fadeInUp&quot;,&quot;_animation_delay&quot;:300}\" data-widget_type=\"heading.default\">\n\t\t\t\t<div class=\"elementor-widget-container\">\n\t\t\t\t\t<h2 class=\"elementor-heading-title elementor-size-default\">No pierdas tiempo, reserva tu cita \u00a1ahora!<\/h2>\t\t\t\t<\/div>\n\t\t\t\t<\/div>\n\t\t\t\t<div class=\"elementor-element elementor-element-4305be7 animated-slow elementor-align-center elementor-invisible elementor-widget elementor-widget-button\" data-id=\"4305be7\" data-element_type=\"widget\" data-e-type=\"widget\" data-settings=\"{&quot;_animation&quot;:&quot;fadeInUp&quot;,&quot;_animation_delay&quot;:600}\" data-widget_type=\"button.default\">\n\t\t\t\t<div class=\"elementor-widget-container\">\n\t\t\t\t\t\t\t\t\t<div class=\"elementor-button-wrapper\">\n\t\t\t\t\t<a class=\"elementor-button elementor-button-link elementor-size-md\" href=\"https:\/\/wa.link\/pm3vpf\" target=\"_blank\">\n\t\t\t\t\t\t<span class=\"elementor-button-content-wrapper\">\n\t\t\t\t\t\t\t\t\t<span class=\"elementor-button-text\">Agende agora<\/span>\n\t\t\t\t\t<\/span>\n\t\t\t\t\t<\/a>\n\t\t\t\t<\/div>\n\t\t\t\t\t\t\t\t<\/div>\n\t\t\t\t<\/div>\n\t\t\t\t\t<\/div>\n\t\t<\/div>\n\t\t\t\t\t<\/div>\n\t\t<\/section>\n\t\t\t\t\t<\/div>\n\t\t<\/div>\n\t\t\t\t\t<\/div>\n\t\t<\/section>\n\t\t\t\t<\/div>","protected":false},"excerpt":{"rendered":"<p>SERVICIOS Algunos de nuestros servicios CORTE Ofrecemos cortes personalizados para realzar tu apariencia. Elije entre un estilo moderno o cl\u00e1sico, cabello corto o largo y permite que nuestro equipo cuide de tu apariencia. Si\u00e9ntate confiado y deslumbrante luciendo un cabello saludable y hermoso. \u00a1Agenda tu visita ya! PEINADOS Ofrecemos una variedad de hermosos peinados perfectos [&hellip;]<\/p>\n","protected":false},"author":1,"featured_media":0,"parent":0,"menu_order":0,"comment_status":"closed","ping_status":"closed","template":"elementor_canvas","meta":{"_eb_attr":"","footnotes":""},"class_list":["post-24","page","type-page","status-publish","hentry"],"yoast_head":"<!-- This site is optimized with the Yoast SEO plugin v27.5 - https:\/\/yoast.com\/product\/yoast-seo-wordpress\/ -->\n<title>Servicios - Peluqueria Nieves<\/title>\n<meta name=\"robots\" content=\"index, follow, max-snippet:-1, max-image-preview:large, max-video-preview:-1\" \/>\n<link rel=\"canonical\" href=\"https:\/\/peluquerianieves.com\/pt\/servicios\/\" \/>\n<meta property=\"og:locale\" content=\"pt_PT\" \/>\n<meta property=\"og:type\" content=\"article\" \/>\n<meta property=\"og:title\" content=\"Servicios - Peluqueria Nieves\" \/>\n<meta property=\"og:description\" content=\"SERVICIOS Algunos de nuestros servicios CORTE Ofrecemos cortes personalizados para realzar tu apariencia. Elije entre un estilo moderno o cl\u00e1sico, cabello corto o largo y permite que nuestro equipo cuide de tu apariencia. Si\u00e9ntate confiado y deslumbrante luciendo un cabello saludable y hermoso. \u00a1Agenda tu visita ya! PEINADOS Ofrecemos una variedad de hermosos peinados perfectos [&hellip;]\" \/>\n<meta property=\"og:url\" content=\"https:\/\/peluquerianieves.com\/pt\/servicios\/\" \/>\n<meta property=\"og:site_name\" content=\"Peluqueria Nieves\" \/>\n<meta property=\"article:modified_time\" content=\"2023-07-06T08:31:04+00:00\" \/>\n<meta property=\"og:image\" content=\"https:\/\/peluquerianieves.com\/wp-content\/uploads\/2023\/07\/hand-hairdresser-cutting-short-pink-with-scissor-hair-hairdressing-salon-close-up-side-view-scaled-e1688568948706.jpg\" \/>\n<meta name=\"twitter:card\" content=\"summary_large_image\" \/>\n<meta name=\"twitter:label1\" content=\"Tempo estimado de leitura\" \/>\n\t<meta name=\"twitter:data1\" content=\"2 minutos\" \/>\n<script type=\"application\/ld+json\" class=\"yoast-schema-graph\">{\"@context\":\"https:\\\/\\\/schema.org\",\"@graph\":[{\"@type\":\"WebPage\",\"@id\":\"https:\\\/\\\/peluquerianieves.com\\\/servicios\\\/\",\"url\":\"https:\\\/\\\/peluquerianieves.com\\\/servicios\\\/\",\"name\":\"Servicios - Peluqueria Nieves\",\"isPartOf\":{\"@id\":\"https:\\\/\\\/peluquerianieves.com\\\/#website\"},\"primaryImageOfPage\":{\"@id\":\"https:\\\/\\\/peluquerianieves.com\\\/servicios\\\/#primaryimage\"},\"image\":{\"@id\":\"https:\\\/\\\/peluquerianieves.com\\\/servicios\\\/#primaryimage\"},\"thumbnailUrl\":\"https:\\\/\\\/peluquerianieves.com\\\/wp-content\\\/uploads\\\/2023\\\/07\\\/hand-hairdresser-cutting-short-pink-with-scissor-hair-hairdressing-salon-close-up-side-view-scaled-e1688568948706.jpg\",\"datePublished\":\"2023-07-04T12:59:51+00:00\",\"dateModified\":\"2023-07-06T08:31:04+00:00\",\"breadcrumb\":{\"@id\":\"https:\\\/\\\/peluquerianieves.com\\\/servicios\\\/#breadcrumb\"},\"inLanguage\":\"pt-PT\",\"potentialAction\":[{\"@type\":\"ReadAction\",\"target\":[\"https:\\\/\\\/peluquerianieves.com\\\/servicios\\\/\"]}]},{\"@type\":\"ImageObject\",\"inLanguage\":\"pt-PT\",\"@id\":\"https:\\\/\\\/peluquerianieves.com\\\/servicios\\\/#primaryimage\",\"url\":\"https:\\\/\\\/peluquerianieves.com\\\/wp-content\\\/uploads\\\/2023\\\/07\\\/hand-hairdresser-cutting-short-pink-with-scissor-hair-hairdressing-salon-close-up-side-view-scaled-e1688568948706.jpg\",\"contentUrl\":\"https:\\\/\\\/peluquerianieves.com\\\/wp-content\\\/uploads\\\/2023\\\/07\\\/hand-hairdresser-cutting-short-pink-with-scissor-hair-hairdressing-salon-close-up-side-view-scaled-e1688568948706.jpg\"},{\"@type\":\"BreadcrumbList\",\"@id\":\"https:\\\/\\\/peluquerianieves.com\\\/servicios\\\/#breadcrumb\",\"itemListElement\":[{\"@type\":\"ListItem\",\"position\":1,\"name\":\"Portada\",\"item\":\"https:\\\/\\\/peluquerianieves.com\\\/\"},{\"@type\":\"ListItem\",\"position\":2,\"name\":\"Servicios\"}]},{\"@type\":\"WebSite\",\"@id\":\"https:\\\/\\\/peluquerianieves.com\\\/#website\",\"url\":\"https:\\\/\\\/peluquerianieves.com\\\/\",\"name\":\"Peluqueria Nieves\",\"description\":\"Ofreciendo servicios de belleza por m\u00e1s de 30 a\u00f1os\",\"publisher\":{\"@id\":\"https:\\\/\\\/peluquerianieves.com\\\/#organization\"},\"potentialAction\":[{\"@type\":\"SearchAction\",\"target\":{\"@type\":\"EntryPoint\",\"urlTemplate\":\"https:\\\/\\\/peluquerianieves.com\\\/?s={search_term_string}\"},\"query-input\":{\"@type\":\"PropertyValueSpecification\",\"valueRequired\":true,\"valueName\":\"search_term_string\"}}],\"inLanguage\":\"pt-PT\"},{\"@type\":\"Organization\",\"@id\":\"https:\\\/\\\/peluquerianieves.com\\\/#organization\",\"name\":\"Peluqueria Nieves\",\"url\":\"https:\\\/\\\/peluquerianieves.com\\\/\",\"logo\":{\"@type\":\"ImageObject\",\"inLanguage\":\"pt-PT\",\"@id\":\"https:\\\/\\\/peluquerianieves.com\\\/#\\\/schema\\\/logo\\\/image\\\/\",\"url\":\"https:\\\/\\\/peluquerianieves.com\\\/wp-content\\\/uploads\\\/2023\\\/07\\\/cropped-Sin-titulo-2_Mesa-de-trabajo-1-2.png\",\"contentUrl\":\"https:\\\/\\\/peluquerianieves.com\\\/wp-content\\\/uploads\\\/2023\\\/07\\\/cropped-Sin-titulo-2_Mesa-de-trabajo-1-2.png\",\"width\":1918,\"height\":854,\"caption\":\"Peluqueria Nieves\"},\"image\":{\"@id\":\"https:\\\/\\\/peluquerianieves.com\\\/#\\\/schema\\\/logo\\\/image\\\/\"}}]}<\/script>\n<!-- \/ Yoast SEO plugin. -->","yoast_head_json":{"title":"Servicios - Peluqueria Nieves","robots":{"index":"index","follow":"follow","max-snippet":"max-snippet:-1","max-image-preview":"max-image-preview:large","max-video-preview":"max-video-preview:-1"},"canonical":"https:\/\/peluquerianieves.com\/pt\/servicios\/","og_locale":"pt_PT","og_type":"article","og_title":"Servicios - Peluqueria Nieves","og_description":"SERVICIOS Algunos de nuestros servicios CORTE Ofrecemos cortes personalizados para realzar tu apariencia. Elije entre un estilo moderno o cl\u00e1sico, cabello corto o largo y permite que nuestro equipo cuide de tu apariencia. Si\u00e9ntate confiado y deslumbrante luciendo un cabello saludable y hermoso. \u00a1Agenda tu visita ya! PEINADOS Ofrecemos una variedad de hermosos peinados perfectos [&hellip;]","og_url":"https:\/\/peluquerianieves.com\/pt\/servicios\/","og_site_name":"Peluqueria Nieves","article_modified_time":"2023-07-06T08:31:04+00:00","og_image":[{"url":"https:\/\/peluquerianieves.com\/wp-content\/uploads\/2023\/07\/hand-hairdresser-cutting-short-pink-with-scissor-hair-hairdressing-salon-close-up-side-view-scaled-e1688568948706.jpg","type":"","width":"","height":""}],"twitter_card":"summary_large_image","twitter_misc":{"Tempo estimado de leitura":"2 minutos"},"schema":{"@context":"https:\/\/schema.org","@graph":[{"@type":"WebPage","@id":"https:\/\/peluquerianieves.com\/servicios\/","url":"https:\/\/peluquerianieves.com\/servicios\/","name":"Servicios - Peluqueria Nieves","isPartOf":{"@id":"https:\/\/peluquerianieves.com\/#website"},"primaryImageOfPage":{"@id":"https:\/\/peluquerianieves.com\/servicios\/#primaryimage"},"image":{"@id":"https:\/\/peluquerianieves.com\/servicios\/#primaryimage"},"thumbnailUrl":"https:\/\/peluquerianieves.com\/wp-content\/uploads\/2023\/07\/hand-hairdresser-cutting-short-pink-with-scissor-hair-hairdressing-salon-close-up-side-view-scaled-e1688568948706.jpg","datePublished":"2023-07-04T12:59:51+00:00","dateModified":"2023-07-06T08:31:04+00:00","breadcrumb":{"@id":"https:\/\/peluquerianieves.com\/servicios\/#breadcrumb"},"inLanguage":"pt-PT","potentialAction":[{"@type":"ReadAction","target":["https:\/\/peluquerianieves.com\/servicios\/"]}]},{"@type":"ImageObject","inLanguage":"pt-PT","@id":"https:\/\/peluquerianieves.com\/servicios\/#primaryimage","url":"https:\/\/peluquerianieves.com\/wp-content\/uploads\/2023\/07\/hand-hairdresser-cutting-short-pink-with-scissor-hair-hairdressing-salon-close-up-side-view-scaled-e1688568948706.jpg","contentUrl":"https:\/\/peluquerianieves.com\/wp-content\/uploads\/2023\/07\/hand-hairdresser-cutting-short-pink-with-scissor-hair-hairdressing-salon-close-up-side-view-scaled-e1688568948706.jpg"},{"@type":"BreadcrumbList","@id":"https:\/\/peluquerianieves.com\/servicios\/#breadcrumb","itemListElement":[{"@type":"ListItem","position":1,"name":"Portada","item":"https:\/\/peluquerianieves.com\/"},{"@type":"ListItem","position":2,"name":"Servicios"}]},{"@type":"WebSite","@id":"https:\/\/peluquerianieves.com\/#website","url":"https:\/\/peluquerianieves.com\/","name":"Peluqueria Nieves","description":"Ofreciendo servicios de belleza por m\u00e1s de 30 a\u00f1os","publisher":{"@id":"https:\/\/peluquerianieves.com\/#organization"},"potentialAction":[{"@type":"SearchAction","target":{"@type":"EntryPoint","urlTemplate":"https:\/\/peluquerianieves.com\/?s={search_term_string}"},"query-input":{"@type":"PropertyValueSpecification","valueRequired":true,"valueName":"search_term_string"}}],"inLanguage":"pt-PT"},{"@type":"Organization","@id":"https:\/\/peluquerianieves.com\/#organization","name":"Peluqueria Nieves","url":"https:\/\/peluquerianieves.com\/","logo":{"@type":"ImageObject","inLanguage":"pt-PT","@id":"https:\/\/peluquerianieves.com\/#\/schema\/logo\/image\/","url":"https:\/\/peluquerianieves.com\/wp-content\/uploads\/2023\/07\/cropped-Sin-titulo-2_Mesa-de-trabajo-1-2.png","contentUrl":"https:\/\/peluquerianieves.com\/wp-content\/uploads\/2023\/07\/cropped-Sin-titulo-2_Mesa-de-trabajo-1-2.png","width":1918,"height":854,"caption":"Peluqueria Nieves"},"image":{"@id":"https:\/\/peluquerianieves.com\/#\/schema\/logo\/image\/"}}]}},"_links":{"self":[{"href":"https:\/\/peluquerianieves.com\/pt\/wp-json\/wp\/v2\/pages\/24","targetHints":{"allow":["GET"]}}],"collection":[{"href":"https:\/\/peluquerianieves.com\/pt\/wp-json\/wp\/v2\/pages"}],"about":[{"href":"https:\/\/peluquerianieves.com\/pt\/wp-json\/wp\/v2\/types\/page"}],"author":[{"embeddable":true,"href":"https:\/\/peluquerianieves.com\/pt\/wp-json\/wp\/v2\/users\/1"}],"replies":[{"embeddable":true,"href":"https:\/\/peluquerianieves.com\/pt\/wp-json\/wp\/v2\/comments?post=24"}],"version-history":[{"count":112,"href":"https:\/\/peluquerianieves.com\/pt\/wp-json\/wp\/v2\/pages\/24\/revisions"}],"predecessor-version":[{"id":671,"href":"https:\/\/peluquerianieves.com\/pt\/wp-json\/wp\/v2\/pages\/24\/revisions\/671"}],"wp:attachment":[{"href":"https:\/\/peluquerianieves.com\/pt\/wp-json\/wp\/v2\/media?parent=24"}],"curies":[{"name":"wp","href":"https:\/\/api.w.org\/{rel}","templated":true}]}}